{"id":912,"date":"2025-09-26T14:15:40","date_gmt":"2025-09-26T12:15:40","guid":{"rendered":"https:\/\/klenart.click.si\/?post_type=product&#038;p=912"},"modified":"2026-02-04T15:27:09","modified_gmt":"2026-02-04T14:27:09","slug":"penina-klenart","status":"publish","type":"product","link":"https:\/\/klenart.si\/it\/prodotto\/penina-klenart\/","title":{"rendered":"Spumante bianco Klen'Art - metodo classico"},"content":{"rendered":"<div class=\"wpb_text_column wpb_content_element\">\n<div class=\"wpb_wrapper\">\n<p>La lunga maturazione sui lieviti e la caratteristica delicatezza del pinot nero si rivelano nelle note fruttate e nella garbatezza dello spumante.<\/p>\n<p>Elegante vino secco dal limpido colore del sole con riflessi dorati e della buona e persistente effervescenza della spuma. Dapprima il delicato e tenue profumo, fresco e fruttato, di pera e mela richiama poi alle nocciole ed alle mandorle fresche aprendosi sullo sfondo a note fiorite e speziate. Sapore intenso e diretto. Vino dal corpo armonioso con la percezione della frutta matura. Il retrogusto persiste e lascia una gradevole sensazione di freschezza.<\/p>\n<\/div>\n<\/div>\n<div class=\"separator transparent\"><\/div>\n<div class=\"wpb_text_column wpb_content_element\">\n<div class=\"wpb_wrapper\">\n<p><b>SELEZIONE DELLE VARIET\u00c0:\u00a0<\/b>Chardonnay (85%), Pinot nero (15%), coltivazione a Guyot semplice.<\/p>\n<p><b>VENDEMMIA:<\/b>\u00a0Met\u00e0 agosto<\/p>\n<p><b>VINIFICAZIONE:\u00a0<\/b>Vinificazione in bianco, a bassa temperatura, deacidificazione biologa completa e infine affinamento del vino sulle fecce fini.<\/p>\n<p><b>ABBINAMENTI:\u00a0<\/b>Ottimo vino spumante, eccellente aperitivo per tutte le occasioni, da servire con antipasti freddi, in particolare modo con i frutti di mare, anche durante tutto il pasto. Per arricchire in modo straordinario  il sapore di formaggi delicati e poco grassi.<\/p>\n<p><b>TEMPERATURA DI SERVIZIO:<\/b>\u00a06-8\u00b0C<\/p>\n<p><b>Vino DOC, 750 ml<\/b><\/p>\n<\/div>\n<\/div>","protected":false},"excerpt":{"rendered":"<p>Dolgo zorenje v objemu kvasovk ob razpoznavni ne\u017enosti, modrega pinota odkriva sadnost in uglajenost penine. Elegantno,suho, pene\u010de vino, bistro rumene barve z zlatimi odtenki, z dobrim iskrenjem in persistentno peno. Prvi vonj je ne\u017een in zadr\u017ean, toda sve\u017e in saden, poln vtisov po hru\u0161ki in jabolku, v nadaljevanju pa zaznamo le\u0161nike in sve\u017ee mandlje, ter [&hellip;]<\/p>\n","protected":false},"featured_media":913,"template":"","meta":{"_acf_changed":false,"inline_featured_image":false,"_monsterinsights_skip_tracking":false,"_monsterinsights_sitenote_active":false,"_monsterinsights_sitenote_note":"","_monsterinsights_sitenote_category":0},"product_brand":[],"product_cat":[20],"product_tag":[],"class_list":{"0":"post-912","1":"product","2":"type-product","3":"status-publish","4":"has-post-thumbnail","6":"product_cat-klasicna-ponudba","8":"first","9":"instock","10":"taxable","11":"shipping-taxable","12":"purchasable","13":"product-type-simple"},"acf":[],"aioseo_notices":[],"_links":{"self":[{"href":"https:\/\/klenart.si\/it\/wp-json\/wp\/v2\/product\/912","targetHints":{"allow":["GET"]}}],"collection":[{"href":"https:\/\/klenart.si\/it\/wp-json\/wp\/v2\/product"}],"about":[{"href":"https:\/\/klenart.si\/it\/wp-json\/wp\/v2\/types\/product"}],"wp:featuredmedia":[{"embeddable":true,"href":"https:\/\/klenart.si\/it\/wp-json\/wp\/v2\/media\/913"}],"wp:attachment":[{"href":"https:\/\/klenart.si\/it\/wp-json\/wp\/v2\/media?parent=912"}],"wp:term":[{"taxonomy":"product_brand","embeddable":true,"href":"https:\/\/klenart.si\/it\/wp-json\/wp\/v2\/product_brand?post=912"},{"taxonomy":"product_cat","embeddable":true,"href":"https:\/\/klenart.si\/it\/wp-json\/wp\/v2\/product_cat?post=912"},{"taxonomy":"product_tag","embeddable":true,"href":"https:\/\/klenart.si\/it\/wp-json\/wp\/v2\/product_tag?post=912"}],"curies":[{"name":"parola chiave","href":"https:\/\/api.w.org\/{rel}","templated":true}]}}