{"id":1125,"date":"2025-09-26T10:59:21","date_gmt":"2025-09-26T08:59:21","guid":{"rendered":"https:\/\/klenart.si\/?post_type=product&#038;p=1125"},"modified":"2026-02-04T15:30:09","modified_gmt":"2026-02-04T14:30:09","slug":"vino-cabernet-sauvignon","status":"publish","type":"product","link":"https:\/\/klenart.si\/it\/prodotto\/vino-cabernet-sauvignon\/","title":{"rendered":"Cabernet Sauvignon &#8220;Vinja&#8221; 2021"},"content":{"rendered":"<p>Una piacevole variet\u00e0 che unisce l&#039;eleganza e la rotondit\u00e0 del Merlot, del Cabernet Franc e del Refosco all&#039;eccellenza e all&#039;audacia del Cabernet Sauvignon.<\/p>\n<p>Anno: 2021<br \/>\nQuantit\u00e0: 0,75 l<\/p>","protected":false},"excerpt":{"rendered":"<p>Prijetna zvrst, ki zdru\u017euje eleganco in zaokro\u017eenost Merlota, Cabernet franca in Refo\u0161ka, ter odli\u010dnost in drznost Cabernet sauvignona. Letnik: 2021 Koli\u010dina: 0,75l<\/p>","protected":false},"featured_media":191,"template":"","meta":{"_acf_changed":false,"inline_featured_image":false,"_monsterinsights_skip_tracking":false,"_monsterinsights_sitenote_active":false,"_monsterinsights_sitenote_note":"","_monsterinsights_sitenote_category":0},"product_brand":[],"product_cat":[20],"product_tag":[],"class_list":{"0":"post-1125","1":"product","2":"type-product","3":"status-publish","4":"has-post-thumbnail","6":"product_cat-klasicna-ponudba","8":"first","9":"instock","10":"taxable","11":"shipping-taxable","12":"purchasable","13":"product-type-simple"},"acf":[],"aioseo_notices":[],"_links":{"self":[{"href":"https:\/\/klenart.si\/it\/wp-json\/wp\/v2\/product\/1125","targetHints":{"allow":["GET"]}}],"collection":[{"href":"https:\/\/klenart.si\/it\/wp-json\/wp\/v2\/product"}],"about":[{"href":"https:\/\/klenart.si\/it\/wp-json\/wp\/v2\/types\/product"}],"wp:featuredmedia":[{"embeddable":true,"href":"https:\/\/klenart.si\/it\/wp-json\/wp\/v2\/media\/191"}],"wp:attachment":[{"href":"https:\/\/klenart.si\/it\/wp-json\/wp\/v2\/media?parent=1125"}],"wp:term":[{"taxonomy":"product_brand","embeddable":true,"href":"https:\/\/klenart.si\/it\/wp-json\/wp\/v2\/product_brand?post=1125"},{"taxonomy":"product_cat","embeddable":true,"href":"https:\/\/klenart.si\/it\/wp-json\/wp\/v2\/product_cat?post=1125"},{"taxonomy":"product_tag","embeddable":true,"href":"https:\/\/klenart.si\/it\/wp-json\/wp\/v2\/product_tag?post=1125"}],"curies":[{"name":"parola chiave","href":"https:\/\/api.w.org\/{rel}","templated":true}]}}