{"id":968,"date":"2025-08-28T09:46:56","date_gmt":"2025-08-28T07:46:56","guid":{"rendered":"https:\/\/klenart.click.si\/?page_id=968"},"modified":"2025-08-28T10:01:36","modified_gmt":"2025-08-28T08:01:36","slug":"avviso-legale","status":"publish","type":"page","link":"https:\/\/klenart.si\/it\/avviso-legale\/","title":{"rendered":"Avviso legale"},"content":{"rendered":"<div data-elementor-type=\"wp-page\" data-elementor-id=\"968\" class=\"elementor elementor-968\" data-elementor-post-type=\"page\">\n\t\t\t\t<div class=\"elementor-element elementor-element-a96d707 e-flex e-con-boxed e-con e-parent\" data-id=\"a96d707\" data-element_type=\"container\" data-e-type=\"container\">\n\t\t\t\t\t<div class=\"e-con-inner\">\n\t\t\t\t<div class=\"elementor-element elementor-element-0384738 elementor-widget elementor-widget-text-editor\" data-id=\"0384738\" data-element_type=\"widget\" data-e-type=\"widget\" data-widget_type=\"text-editor.default\">\n\t\t\t\t\t\t\t\t\t<h2>Tutela dei diritti<\/h2><p>Oggetto della presente informativa sono i siti web di\u00a0<span style=\"text-decoration: underline;\"><a href=\"https:\/\/klenart.si\/it\/\" target=\"_blank\" rel=\"noopener\">klenart.si<\/a><\/span>.<\/p><p>Tutti i contenuti di questi siti web sono di propriet\u00e0 di <strong>Klenar Estates<\/strong>\u00a0e hanno natura informativa.<\/p><p>In <strong>Tenuta Klenar<\/strong>\u00a0Abbiamo progettato il nostro sito web per fornire informazioni generali sull&#039;azienda e notizie dal mondo degli affari.<\/p><p>Entrando in qualsiasi area del sito web\u00a0<strong>Klen&#039;art<\/strong>\u00a0significa che accetti tutte le restrizioni e le condizioni qui indicate. Se non le accetti, ti preghiamo di non accedere a questo sito. Ti consigliamo di visitare il nostro sito di tanto in tanto e di consultare l&#039;Informativa Legale aggiornata, in quanto vincolante per te.<\/p><p>Le informazioni ufficiali, legali e formali sulla societ\u00e0 e sulle sue attivit\u00e0 potrebbero differire dalle informazioni presenti sul sito web della societ\u00e0.<\/p><h2>Limitazione di responsabilit\u00e0<\/h2><p><strong>Tenuta Klenar <\/strong>far\u00e0 del suo meglio per fornire le informazioni pi\u00f9 accurate e aggiornate sulle sue pagine, ma avverte gli utenti del sito web che i testi hanno solo scopo informativo e pertanto non garantisce n\u00e9 si assume alcuna responsabilit\u00e0 per la loro accuratezza e completezza. Tutti i visitatori utilizzano i contenuti pubblicati a proprio rischio e pericolo. <strong>Tenuta Klenar<\/strong>\u00a0si riserva il diritto di modificare, aggiungere o rimuovere il contenuto di questi siti web in qualsiasi momento e senza preavviso.<\/p><p>Nessuno dei due <strong>Tenuta Klenar<\/strong>\u00a0n\u00e9 alcuna altra persona fisica o giuridica che abbia partecipato alla creazione e produzione di questi siti web \u00e8 responsabile del malfunzionamento occasionale del sito web, di eventuali inesattezze delle informazioni, n\u00e9 di eventuali danni derivanti dall&#039;uso di informazioni inesatte o incomplete, e pertanto non \u00e8 responsabile di eventuali danni o inconvenienti derivanti dall&#039;esistenza dei siti web, dall&#039;accesso e\/o dall&#039;uso e\/o dall&#039;impossibilit\u00e0 di utilizzare le informazioni su questi siti web e\/o da eventuali errori o carenze nel loro contenuto, indipendentemente dal fatto che siano stati informati della possibilit\u00e0 di tali danni.<\/p><p>Il sito web agraria-koper.si contiene anche link ad altri siti web, riferimenti e partner che non sono in alcun modo correlati a <strong>Tenuta Klenar<\/strong><strong>.<\/strong> <strong>Tenuta Klenar <\/strong>non garantisce e non riceve n\u00e9 inoltra reclami riguardanti l&#039;accuratezza del contenuto di alcun sito web a cui fornisce un collegamento o un riferimento e non \u00e8 responsabile del rispetto della privacy su tali siti web.<\/p><h2><strong><br \/><\/strong>Copyright<\/h2><p>Tutte le informazioni e le immagini pubblicate sul sito web (testi, fotografie, schizzi, mappe e planimetrie, programmi per computer) sono soggette a tutela del diritto d&#039;autore ai sensi della Legge sul diritto d&#039;autore e sui diritti connessi (Gazzetta Ufficiale della Repubblica di Slovenia, n. 21\/1995, e successive modifiche). <strong>Tenuta Klenar<\/strong><strong>\u00a0<\/strong>\u00e8 titolare del diritto d&#039;autore materiale sui contenuti protetti da copyright in senso lato (elementi grafici, fotografie, illustrazioni o altre presentazioni di testo) pubblicati sul sito web. Ci\u00f2 significa che qualsiasi copia, trascrizione, riproduzione e qualsiasi distribuzione per scopi commerciali \u00e8 vietata senza l&#039;autorizzazione scritta di KZA.<br \/>La ZASP consente eccezionalmente l&#039;uso o la riproduzione di opere protette da copyright sulla base del diritto all&#039;informazione del pubblico, a fini didattici e a scopo illustrativo, di confronto e di citazione, ma \u00e8 obbligatorio indicare la fonte e la paternit\u00e0 dell&#039;opera. \u00c8 consentito anche l&#039;uso e la riproduzione di opere protette da copyright in numero limitato per uso privato e non commerciale.<\/p><p>Ogni riproduzione (copia, riproduzione, pubblicazione, trasmissione) deve includere la fonte <strong>Tenuta Klenar<\/strong>.<\/p><p><strong>Tenuta Klenar<\/strong> si riserva il diritto di modificare, aggiungere o rimuovere, in tutto o in parte, qualsiasi contenuto pubblicato su questo sito web in qualsiasi momento e in qualsiasi modo, per qualsiasi motivo e senza preavviso. Tutti gli utenti utilizzano tutti i contenuti pubblicati a proprio rischio e pericolo.<\/p><h2><strong><br \/><\/strong>Protezione dei dati personali<\/h2><p><strong>Tenuta Klenar<\/strong> si impegna a proteggere i dati personali degli utenti del sito web. Utilizzeremo i dati raccolti esclusivamente per migliorare l&#039;utilizzo del sito web. Non utilizzeremo i dati personali e le informazioni di contatto per altri scopi e non li divulgheremo a terzi senza l&#039;esplicita autorizzazione dell&#039;utente del sito web. Faremo tutto il possibile per proteggere i tuoi dati personali da eventuali violazioni e abusi.<\/p>\t\t\t\t\t\t\t\t<\/div>\n\t\t\t\t\t<\/div>\n\t\t\t\t<\/div>\n\t\t\t\t<\/div>","protected":false},"excerpt":{"rendered":"<p>Za\u0161\u010dita pravic Predmet tega obvestila so spletne strani na naslovu\u00a0klenart.si. Vse vsebine na teh spletnih straneh so last Posestva Klenar\u00a0in so informativne narave. V Posestvu Klenar\u00a0smo na\u0161e spletno mesto oblikovali z namenom omogo\u010diti splo\u0161ne informacije o podjetju in novice iz poslovnega sveta. Vstop v katerokoli podro\u010dje spletnega mesta\u00a0Klen&#8217;art\u00a0pomeni, da se strinjate z vsemi omejitvami in [&hellip;]<\/p>\n","protected":false},"author":1,"featured_media":0,"parent":0,"menu_order":0,"comment_status":"closed","ping_status":"closed","template":"","meta":{"_acf_changed":false,"inline_featured_image":false,"_monsterinsights_skip_tracking":false,"_monsterinsights_sitenote_active":false,"_monsterinsights_sitenote_note":"","_monsterinsights_sitenote_category":0,"footnotes":""},"class_list":["post-968","page","type-page","status-publish","hentry"],"acf":[],"aioseo_notices":[],"_links":{"self":[{"href":"https:\/\/klenart.si\/it\/wp-json\/wp\/v2\/pages\/968","targetHints":{"allow":["GET"]}}],"collection":[{"href":"https:\/\/klenart.si\/it\/wp-json\/wp\/v2\/pages"}],"about":[{"href":"https:\/\/klenart.si\/it\/wp-json\/wp\/v2\/types\/page"}],"author":[{"embeddable":true,"href":"https:\/\/klenart.si\/it\/wp-json\/wp\/v2\/users\/1"}],"replies":[{"embeddable":true,"href":"https:\/\/klenart.si\/it\/wp-json\/wp\/v2\/comments?post=968"}],"version-history":[{"count":7,"href":"https:\/\/klenart.si\/it\/wp-json\/wp\/v2\/pages\/968\/revisions"}],"predecessor-version":[{"id":977,"href":"https:\/\/klenart.si\/it\/wp-json\/wp\/v2\/pages\/968\/revisions\/977"}],"wp:attachment":[{"href":"https:\/\/klenart.si\/it\/wp-json\/wp\/v2\/media?parent=968"}],"curies":[{"name":"parola chiave","href":"https:\/\/api.w.org\/{rel}","templated":true}]}}