{"id":916,"date":"2025-09-26T13:43:53","date_gmt":"2025-09-26T11:43:53","guid":{"rendered":"https:\/\/klenart.click.si\/?post_type=product&#038;p=916"},"modified":"2025-12-27T16:09:38","modified_gmt":"2025-12-27T15:09:38","slug":"rose-dew","status":"publish","type":"product","link":"https:\/\/klenart.si\/en\/product\/rose-dew\/","title":{"rendered":"Rose &#8220;Rosa&#8221; 2023"},"content":{"rendered":"<div class=\"wpb_text_column wpb_content_element\">\n<div class=\"wpb_wrapper\">\n<div class=\"wpb_text_column wpb_content_element\">\n<div class=\"wpb_wrapper\">\n<div class=\"wpb_text_column wpb_content_element\">\n<div class=\"wpb_wrapper\">\n<p>ROSA is a stylish rose, characterized by a delicate pink with orange shades.<\/p>\n<p>The wine is very fruitful in the bouquet, reminiscent of cherries, cranberries and watermelon. The aromatic is pleasingly continued in the taste, which is rich, structural, dry and fresh, and ends with excellent persistence and duration in the porous. This wine is distinguished by extraordinary freshness, and at the same time it is a seriousness that opens all possible gastronomic pleasures while having a meal with food. Wine for summer days and culinary delights throughout the year.<\/p>\n<\/div>\n<\/div>\n<div class=\"separator transparent\"><\/div>\n<div class=\"wpb_text_column wpb_content_element\">\n<div class=\"wpb_wrapper\">\n<p><em><b>SELECTION OF VARIETIES:<\/b>\u00a0Blue pinot 100%, cultivation on a spur.<\/em><\/p>\n<p><em><b>HARVEST:<\/b>\u00a0Middle of August\u00a0<\/em><\/p>\n<p><em><b>VINIFICATION:<\/b>\u00a0Pure juice is partially drained from the red mash (Saignee method), fermentation takes place at controlled temperature, then the wine ripens on fine lees, followed by bottling.<\/em><\/p>\n<p><em><b>FOOD PAIRING:\u00a0<\/b>Rosa is a great aperitif or a companion of delicate, cold summer plates, based on tomatoes and fresh cheeses. We serve it for various pasta and salads, and it also fits into oysters, calamari and grilled fish. A good combination with chicken is also good.<\/em><\/p>\n<p><em><b>SERVING TEMPERATURE:<\/b>\u00a08-10\u00b0C<\/em><\/p>\n<p><b>Premium quality wine ZGP, 750 ml<\/b><\/p>\n<\/div>\n<\/div>\n<\/div>\n<\/div>\n<\/div>\n<\/div>","protected":false},"excerpt":{"rendered":"<p>ROSA je eleganten rose, ki ga odlikuje ne\u017ena roza barva z oran\u017enimi odtenki. Vino je v cvetici izrazito sadno in spominja na \u010de\u0161nje, brusnice in lubenico. Aromatika se prijetno nadaljuje tudi v okusu, ki je bogat, strukturen, suh in sve\u017e, ter kon\u010da z odli\u010dno persistenco in trajanjem v pookusu. To vino odlikuje izredno sve\u017eina, hkrati [&hellip;]<\/p>\n","protected":false},"featured_media":917,"template":"","meta":{"_acf_changed":false,"inline_featured_image":false,"_monsterinsights_skip_tracking":false,"_monsterinsights_sitenote_active":false,"_monsterinsights_sitenote_note":"","_monsterinsights_sitenote_category":0},"product_brand":[],"product_cat":[20],"product_tag":[],"class_list":{"0":"post-916","1":"product","2":"type-product","3":"status-publish","4":"has-post-thumbnail","6":"product_cat-klasicna-ponudba","8":"first","9":"instock","10":"taxable","11":"shipping-taxable","12":"purchasable","13":"product-type-simple"},"acf":[],"aioseo_notices":[],"_links":{"self":[{"href":"https:\/\/klenart.si\/en\/wp-json\/wp\/v2\/product\/916","targetHints":{"allow":["GET"]}}],"collection":[{"href":"https:\/\/klenart.si\/en\/wp-json\/wp\/v2\/product"}],"about":[{"href":"https:\/\/klenart.si\/en\/wp-json\/wp\/v2\/types\/product"}],"wp:featuredmedia":[{"embeddable":true,"href":"https:\/\/klenart.si\/en\/wp-json\/wp\/v2\/media\/917"}],"wp:attachment":[{"href":"https:\/\/klenart.si\/en\/wp-json\/wp\/v2\/media?parent=916"}],"wp:term":[{"taxonomy":"product_brand","embeddable":true,"href":"https:\/\/klenart.si\/en\/wp-json\/wp\/v2\/product_brand?post=916"},{"taxonomy":"product_cat","embeddable":true,"href":"https:\/\/klenart.si\/en\/wp-json\/wp\/v2\/product_cat?post=916"},{"taxonomy":"product_tag","embeddable":true,"href":"https:\/\/klenart.si\/en\/wp-json\/wp\/v2\/product_tag?post=916"}],"curies":[{"name":"wp","href":"https:\/\/api.w.org\/{rel}","templated":true}]}}