{"id":912,"date":"2025-09-26T14:15:40","date_gmt":"2025-09-26T12:15:40","guid":{"rendered":"https:\/\/klenart.click.si\/?post_type=product&#038;p=912"},"modified":"2026-02-04T15:27:09","modified_gmt":"2026-02-04T14:27:09","slug":"sparkling-wine-klenart","status":"publish","type":"product","link":"https:\/\/klenart.si\/en\/product\/sparkling-wine-klenart\/","title":{"rendered":"White sparkling Klen'Art - traditional method"},"content":{"rendered":"<div class=\"wpb_text_column wpb_content_element\">\n<div class=\"wpb_wrapper\">\n<p>Long maturation in the embrace of yeasts with distinctive tenderness, the blue pinot reveals the fruitiness and refinement of sparkling wine.<\/p>\n<p>Elegant, dry, sparkling wine, clear yellow in color with golden shades, good sparkling and persistent foam. The first smell is gentle and restrained, but fresh and fruity, full of impressions of pear and apple, and in the following we notice hazelnuts and fresh almonds, and some floral notes and spices in the background. A clear and direct sense in taste. Harmonious wine, rounded and full body, with the perception of mature fruits. The voyage is long and leaves a feeling of freshness.<\/p>\n<\/div>\n<\/div>\n<div class=\"separator transparent\"><\/div>\n<div class=\"wpb_text_column wpb_content_element\">\n<div class=\"wpb_wrapper\">\n<p><b>VARIETY SELECTION:\u00a0<\/b>Chardonnay (85%), Blue pinot (15%), cultivation on a spur<\/p>\n<p><b>HARVEST:<\/b>\u00a0Middle of August<\/p>\n<p><b>VINIFICATION:\u00a0<\/b>Vinification of pure juice at low temperature, perfect biodegradation, then ripening of wine on fine lees.<\/p>\n<p><b>FOOD PAIRING:\u00a0<\/b>Excellent sparkling wine for every occasion, we can serve it in the early cold appetizers, especially seafood, or at the full meal. Extremely adds to the taste, half greasy, delicate cheeses.<\/p>\n<p><b>SERVING TEMPERATURE:<\/b>\u00a06-8\u00b0C<\/p>\n<p><b>Premium quality wine ZGP, 750 ml<\/b><\/p>\n<\/div>\n<\/div>","protected":false},"excerpt":{"rendered":"<p>Dolgo zorenje v objemu kvasovk ob razpoznavni ne\u017enosti, modrega pinota odkriva sadnost in uglajenost penine. Elegantno,suho, pene\u010de vino, bistro rumene barve z zlatimi odtenki, z dobrim iskrenjem in persistentno peno. Prvi vonj je ne\u017een in zadr\u017ean, toda sve\u017e in saden, poln vtisov po hru\u0161ki in jabolku, v nadaljevanju pa zaznamo le\u0161nike in sve\u017ee mandlje, ter [&hellip;]<\/p>\n","protected":false},"featured_media":913,"template":"","meta":{"_acf_changed":false,"inline_featured_image":false,"_monsterinsights_skip_tracking":false,"_monsterinsights_sitenote_active":false,"_monsterinsights_sitenote_note":"","_monsterinsights_sitenote_category":0},"product_brand":[],"product_cat":[20],"product_tag":[],"class_list":{"0":"post-912","1":"product","2":"type-product","3":"status-publish","4":"has-post-thumbnail","6":"product_cat-klasicna-ponudba","8":"first","9":"instock","10":"taxable","11":"shipping-taxable","12":"purchasable","13":"product-type-simple"},"acf":[],"aioseo_notices":[],"_links":{"self":[{"href":"https:\/\/klenart.si\/en\/wp-json\/wp\/v2\/product\/912","targetHints":{"allow":["GET"]}}],"collection":[{"href":"https:\/\/klenart.si\/en\/wp-json\/wp\/v2\/product"}],"about":[{"href":"https:\/\/klenart.si\/en\/wp-json\/wp\/v2\/types\/product"}],"wp:featuredmedia":[{"embeddable":true,"href":"https:\/\/klenart.si\/en\/wp-json\/wp\/v2\/media\/913"}],"wp:attachment":[{"href":"https:\/\/klenart.si\/en\/wp-json\/wp\/v2\/media?parent=912"}],"wp:term":[{"taxonomy":"product_brand","embeddable":true,"href":"https:\/\/klenart.si\/en\/wp-json\/wp\/v2\/product_brand?post=912"},{"taxonomy":"product_cat","embeddable":true,"href":"https:\/\/klenart.si\/en\/wp-json\/wp\/v2\/product_cat?post=912"},{"taxonomy":"product_tag","embeddable":true,"href":"https:\/\/klenart.si\/en\/wp-json\/wp\/v2\/product_tag?post=912"}],"curies":[{"name":"wp","href":"https:\/\/api.w.org\/{rel}","templated":true}]}}